{"id":6,"date":"2024-06-05T21:23:22","date_gmt":"2024-06-05T21:23:22","guid":{"rendered":"https:\/\/happycultures.strawberry.temporarywebsiteaddress.com\/?page_id=6"},"modified":"2026-03-08T17:38:11","modified_gmt":"2026-03-08T17:38:11","slug":"happy-cultures","status":"publish","type":"page","link":"https:\/\/happycultures.strawberry.temporarywebsiteaddress.com\/","title":{"rendered":"Happy Cultures"},"content":{"rendered":"\n<div class=\"wp-block-group alignfull has-accent-background-color has-background\" style=\"margin-top:0;margin-bottom:0;padding-top:var(--wp--preset--spacing--50);padding-right:var(--wp--preset--spacing--50);padding-bottom:var(--wp--preset--spacing--50);padding-left:var(--wp--preset--spacing--50)\"><div class=\"wp-block-group__inner-container is-layout-constrained wp-container-core-group-is-layout-2bafd31c wp-block-group-is-layout-constrained\">\n<div class=\"wp-block-columns alignwide is-layout-flex wp-container-core-columns-is-layout-4d397ad4 wp-block-columns-is-layout-flex\">\n<div class=\"wp-block-column is-vertically-aligned-stretch is-layout-flow wp-block-column-is-layout-flow\" style=\"flex-basis:50%\">\n<div class=\"wp-block-group is-vertical is-content-justification-stretch is-layout-flex wp-container-core-group-is-layout-d9786264 wp-block-group-is-layout-flex\" style=\"min-height:100%\">\n<p class=\"has-heading-font-family has-x-large-font-size\" style=\"line-height:1.2\">REGALIA<br>R\u00e9inventons vos \u00e9v\u00e9nements avec la cuisine v\u00e9g\u00e9tarienne.<\/p>\n\n\n\n<p class=\"has-heading-font-family has-x-large-font-size\" style=\"line-height:1.2\"><br>Jaqueline et Zaid vous propose une cuisine v\u00e9g\u00e9tarienne cr\u00e9ative, gourmande et raffin\u00e9e. <\/p>\n\n\n\n<div class=\"wp-block-group is-content-justification-left\"><div class=\"wp-block-group__inner-container is-layout-constrained wp-container-core-group-is-layout-ebdfa9d7 wp-block-group-is-layout-constrained\">\n<p>Notre cuisine v\u00e9g\u00e9tarienne s\u2019inspire des saveurs du monde.<br>\u00c0 travers diff\u00e9rentes influences culinaires, nous cr\u00e9ons des plats vari\u00e9s et gourmands, m\u00ealant \u00e9pices, textures et traditions venues de nombreux pays pour offrir une exp\u00e9rience riche et originale \u00e0 vos invit\u00e9s.<\/p>\n<\/div><\/div>\n<\/div>\n<\/div>\n\n\n\n<div class=\"wp-block-column is-vertically-aligned-center is-layout-flow wp-block-column-is-layout-flow\" style=\"flex-basis:50%\">\n<figure class=\"wp-block-image size-full is-style-rounded\"><img loading=\"lazy\" decoding=\"async\" width=\"461\" height=\"615\" src=\"https:\/\/happycultures.strawberry.temporarywebsiteaddress.com\/wp-content\/uploads\/2026\/03\/Salade-printaniere-de-dents-de-lion-avec-falafels-vacon-grille-avocat-tomates-et-un-coeur-de-lentilles-corail.jpg\" alt=\"\" class=\"wp-image-22\" style=\"aspect-ratio:3\/4;object-fit:cover\" srcset=\"https:\/\/happycultures.strawberry.temporarywebsiteaddress.com\/wp-content\/uploads\/2026\/03\/Salade-printaniere-de-dents-de-lion-avec-falafels-vacon-grille-avocat-tomates-et-un-coeur-de-lentilles-corail.jpg 461w, https:\/\/happycultures.strawberry.temporarywebsiteaddress.com\/wp-content\/uploads\/2026\/03\/Salade-printaniere-de-dents-de-lion-avec-falafels-vacon-grille-avocat-tomates-et-un-coeur-de-lentilles-corail-225x300.jpg 225w\" sizes=\"auto, (max-width: 461px) 100vw, 461px\" \/><\/figure>\n<\/div>\n<\/div>\n<\/div><\/div>\n\n\n\n<div class=\"wp-block-group alignfull has-base-background-color has-background\" style=\"margin-top:0;margin-bottom:0;padding-top:var(--wp--preset--spacing--50);padding-right:var(--wp--preset--spacing--50);padding-bottom:var(--wp--preset--spacing--50);padding-left:var(--wp--preset--spacing--50)\"><div class=\"wp-block-group__inner-container is-layout-constrained wp-container-core-group-is-layout-9cf8f26d wp-block-group-is-layout-constrained\">\n<div class=\"wp-block-columns alignwide is-layout-flex wp-container-core-columns-is-layout-1a7dd963 wp-block-columns-is-layout-flex\">\n<div class=\"wp-block-column is-content-justification-left is-layout-constrained wp-container-core-column-is-layout-e94ce9af wp-block-column-is-layout-constrained\" style=\"flex-basis:40%\">\n<p>Mariages, anniversaires, r\u00e9ceptions priv\u00e9es, \u00e9v\u00e9nements d\u2019entreprise ou c\u00e9l\u00e9brations familiales : nous concevons des plats v\u00e9g\u00e9tariens qui surprennent autant les papilles que les invit\u00e9s.<\/p>\n<\/div>\n\n\n\n<div class=\"wp-block-column is-layout-flow wp-block-column-is-layout-flow\" style=\"flex-basis:60%\">\n<p class=\"has-heading-font-family has-x-large-font-size\" style=\"line-height:1.2\">Nous sommes une \u00e9quipe passionn\u00e9e qui s\u2019est donn\u00e9e pour mission de r\u00e9inventer les \u00e9v\u00e9nements gr\u00e2ce \u00e0 une cuisine qui respecte l&#8217;environement.<\/p>\n\n\n\n<div class=\"wp-block-columns is-layout-flex wp-container-core-columns-is-layout-b0e66f64 wp-block-columns-is-layout-flex\">\n<div class=\"wp-block-column is-layout-flow wp-block-column-is-layout-flow\">\n<p class=\"wp-container-content-9cfa9a5a\"><strong>Notre approche repose sur trois valeurs essentielles : la qualit\u00e9 des ingr\u00e9dients, la cr\u00e9ativit\u00e9 culinaire et le respect de l\u2019environnement. <\/strong><\/p>\n\n\n\n<p class=\"wp-container-content-9cfa9a5a\">Chaque menu est imagin\u00e9 avec soin, \u00e0 partir de produits frais et de saison, afin de proposer des assiettes aussi savoureuses qu\u2019\u00e9l\u00e9gantes.<\/p>\n<\/div>\n\n\n\n<div class=\"wp-block-column is-layout-flow wp-block-column-is-layout-flow\">\n<figure class=\"wp-block-image size-full\"><img loading=\"lazy\" decoding=\"async\" width=\"455\" height=\"607\" src=\"https:\/\/happycultures.strawberry.temporarywebsiteaddress.com\/wp-content\/uploads\/2026\/03\/Mesclun-de-salades-printanieres-2-1.jpg\" alt=\"\" class=\"wp-image-20\" srcset=\"https:\/\/happycultures.strawberry.temporarywebsiteaddress.com\/wp-content\/uploads\/2026\/03\/Mesclun-de-salades-printanieres-2-1.jpg 455w, https:\/\/happycultures.strawberry.temporarywebsiteaddress.com\/wp-content\/uploads\/2026\/03\/Mesclun-de-salades-printanieres-2-1-225x300.jpg 225w\" sizes=\"auto, (max-width: 455px) 100vw, 455px\" \/><\/figure>\n<\/div>\n<\/div>\n<\/div>\n<\/div>\n<\/div><\/div>\n\n\n\n<div class=\"wp-block-group alignfull has-accent-5-background-color has-background\" style=\"margin-top:0;margin-bottom:0;padding-top:var(--wp--preset--spacing--50);padding-right:var(--wp--preset--spacing--50);padding-bottom:var(--wp--preset--spacing--50);padding-left:var(--wp--preset--spacing--50)\"><div class=\"wp-block-group__inner-container is-layout-constrained wp-container-core-group-is-layout-9cf8f26d wp-block-group-is-layout-constrained\">\n<div class=\"wp-block-columns alignwide is-layout-flex wp-container-core-columns-is-layout-4d397ad4 wp-block-columns-is-layout-flex\">\n<div class=\"wp-block-column is-vertically-aligned-center is-layout-flow wp-block-column-is-layout-flow\" style=\"flex-basis:60%\">\n<figure class=\"wp-block-image size-full is-style-rounded wp-duotone-varpresetduotoneduotone-1-1\"><img loading=\"lazy\" decoding=\"async\" width=\"809\" height=\"607\" src=\"https:\/\/happycultures.strawberry.temporarywebsiteaddress.com\/wp-content\/uploads\/2026\/03\/Burgers-and-wedge-potatoes-Copie-Copie.jpg\" alt=\"\" class=\"wp-image-15\" style=\"aspect-ratio:4\/3;object-fit:cover\" srcset=\"https:\/\/happycultures.strawberry.temporarywebsiteaddress.com\/wp-content\/uploads\/2026\/03\/Burgers-and-wedge-potatoes-Copie-Copie.jpg 809w, https:\/\/happycultures.strawberry.temporarywebsiteaddress.com\/wp-content\/uploads\/2026\/03\/Burgers-and-wedge-potatoes-Copie-Copie-300x225.jpg 300w, https:\/\/happycultures.strawberry.temporarywebsiteaddress.com\/wp-content\/uploads\/2026\/03\/Burgers-and-wedge-potatoes-Copie-Copie-768x576.jpg 768w\" sizes=\"auto, (max-width: 809px) 100vw, 809px\" \/><\/figure>\n<\/div>\n\n\n\n<div class=\"wp-block-column is-layout-flow wp-block-column-is-layout-flow\" style=\"flex-basis:40%\">\n<h2 class=\"wp-block-heading\">Explorez notre univers<\/h2>\n\n\n\n<p>D\u00e9couvrez nos cr\u00e9ations et laissez-nous transformer votre \u00e9v\u00e9nement en une exp\u00e9rience gastronomique v\u00e9g\u00e9tarienne inoubliable.<\/p>\n\n\n\n<div class=\"wp-block-buttons is-layout-flex wp-block-buttons-is-layout-flex\">\n<div class=\"wp-block-button\"><a class=\"wp-block-button__link wp-element-button\">NOS PLATS<\/a><\/div>\n<\/div>\n<\/div>\n<\/div>\n<\/div><\/div>\n\n\n\n<div class=\"wp-block-group alignfull\" style=\"margin-top:0;margin-bottom:0;padding-top:var(--wp--preset--spacing--50);padding-right:var(--wp--preset--spacing--50);padding-bottom:var(--wp--preset--spacing--50);padding-left:var(--wp--preset--spacing--50)\"><div class=\"wp-block-group__inner-container is-layout-constrained wp-container-core-group-is-layout-2bafd31c wp-block-group-is-layout-constrained\">\n<div class=\"wp-block-group is-vertical is-content-justification-center is-layout-flex wp-container-core-group-is-layout-4b2eccd6 wp-block-group-is-layout-flex\">\n<h2 class=\"wp-block-heading has-text-align-center\" style=\"font-size:42px\">EVENEMENTS<\/h2>\n\n\n\n<p class=\"has-text-align-center\">Pour tous vos moments sp\u00e9ciaux<\/p>\n<\/div>\n\n\n\n<div style=\"height:var(--wp--preset--spacing--30)\" aria-hidden=\"true\" class=\"wp-block-spacer\"><\/div>\n\n\n\n<div class=\"wp-block-columns alignwide is-layout-flex wp-container-core-columns-is-layout-d8280152 wp-block-columns-is-layout-flex\" style=\"padding-right:0;padding-left:0\">\n<div class=\"wp-block-column is-layout-flow wp-block-column-is-layout-flow\">\n\n\n<div class=\"wp-block-group is-vertical is-content-justification-center is-nowrap is-layout-flex wp-container-core-group-is-layout-d7ec9006 wp-block-group-is-layout-flex\"><style>.wp-block-kadence-advancedheading.kt-adv-heading6_9b6079-ce, .wp-block-kadence-advancedheading.kt-adv-heading6_9b6079-ce[data-kb-block=\"kb-adv-heading6_9b6079-ce\"]{text-align:center;font-style:normal;}.wp-block-kadence-advancedheading.kt-adv-heading6_9b6079-ce mark.kt-highlight, .wp-block-kadence-advancedheading.kt-adv-heading6_9b6079-ce[data-kb-block=\"kb-adv-heading6_9b6079-ce\"] mark.kt-highlight{font-style:normal;color:#f76a0c;-webkit-box-decoration-break:clone;box-decoration-break:clone;padding-top:0px;padding-right:0px;padding-bottom:0px;padding-left:0px;}.wp-block-kadence-advancedheading.kt-adv-heading6_9b6079-ce img.kb-inline-image, .wp-block-kadence-advancedheading.kt-adv-heading6_9b6079-ce[data-kb-block=\"kb-adv-heading6_9b6079-ce\"] img.kb-inline-image{width:150px;vertical-align:baseline;}<\/style>\n<p class=\"kt-adv-heading6_9b6079-ce wp-block-kadence-advancedheading has-theme-palette-13-color has-text-color\" data-kb-block=\"kb-adv-heading6_9b6079-ce\"><strong>MARIAGES<\/strong><\/p>\n<\/div>\n<\/div>\n\n\n\n<div class=\"wp-block-column is-layout-flow wp-block-column-is-layout-flow\">\n\n\n<div class=\"wp-block-group is-vertical is-content-justification-center is-nowrap is-layout-flex wp-container-core-group-is-layout-8aeacad7 wp-block-group-is-layout-flex\"><style>.wp-block-kadence-advancedheading.kt-adv-heading6_bceed6-15, .wp-block-kadence-advancedheading.kt-adv-heading6_bceed6-15[data-kb-block=\"kb-adv-heading6_bceed6-15\"]{text-align:center;font-style:normal;}.wp-block-kadence-advancedheading.kt-adv-heading6_bceed6-15 mark.kt-highlight, .wp-block-kadence-advancedheading.kt-adv-heading6_bceed6-15[data-kb-block=\"kb-adv-heading6_bceed6-15\"] mark.kt-highlight{font-style:normal;color:#f76a0c;-webkit-box-decoration-break:clone;box-decoration-break:clone;padding-top:0px;padding-right:0px;padding-bottom:0px;padding-left:0px;}.wp-block-kadence-advancedheading.kt-adv-heading6_bceed6-15 img.kb-inline-image, .wp-block-kadence-advancedheading.kt-adv-heading6_bceed6-15[data-kb-block=\"kb-adv-heading6_bceed6-15\"] img.kb-inline-image{width:150px;vertical-align:baseline;}<\/style>\n<p class=\"kt-adv-heading6_bceed6-15 wp-block-kadence-advancedheading\" data-kb-block=\"kb-adv-heading6_bceed6-15\"><strong>ANNIVERSAIRE<\/strong><\/p>\n<\/div>\n<\/div>\n\n\n\n<div class=\"wp-block-column is-layout-flow wp-block-column-is-layout-flow\">\n\n\n<div class=\"wp-block-group is-vertical is-content-justification-center is-nowrap is-layout-flex wp-container-core-group-is-layout-8aeacad7 wp-block-group-is-layout-flex\"><style>.wp-block-kadence-advancedheading.kt-adv-heading6_e1170f-79, .wp-block-kadence-advancedheading.kt-adv-heading6_e1170f-79[data-kb-block=\"kb-adv-heading6_e1170f-79\"]{text-align:center;font-style:normal;text-transform:uppercase;}.wp-block-kadence-advancedheading.kt-adv-heading6_e1170f-79 mark.kt-highlight, .wp-block-kadence-advancedheading.kt-adv-heading6_e1170f-79[data-kb-block=\"kb-adv-heading6_e1170f-79\"] mark.kt-highlight{font-style:normal;color:#f76a0c;-webkit-box-decoration-break:clone;box-decoration-break:clone;padding-top:0px;padding-right:0px;padding-bottom:0px;padding-left:0px;}.wp-block-kadence-advancedheading.kt-adv-heading6_e1170f-79 img.kb-inline-image, .wp-block-kadence-advancedheading.kt-adv-heading6_e1170f-79[data-kb-block=\"kb-adv-heading6_e1170f-79\"] img.kb-inline-image{width:150px;vertical-align:baseline;}<\/style>\n<p class=\"kt-adv-heading6_e1170f-79 wp-block-kadence-advancedheading\" data-kb-block=\"kb-adv-heading6_e1170f-79\"><strong>R\u00e9ceptions Priv\u00e9es<\/strong><\/p>\n<\/div>\n<\/div>\n\n\n\n<div class=\"wp-block-column is-layout-flow wp-block-column-is-layout-flow\">\n\n\n<div class=\"wp-block-group is-vertical is-content-justification-center is-nowrap is-layout-flex wp-container-core-group-is-layout-d7ec9006 wp-block-group-is-layout-flex\"><style>.wp-block-kadence-advancedheading.kt-adv-heading6_0d3b81-d6, .wp-block-kadence-advancedheading.kt-adv-heading6_0d3b81-d6[data-kb-block=\"kb-adv-heading6_0d3b81-d6\"]{text-align:center;font-style:normal;text-transform:uppercase;}.wp-block-kadence-advancedheading.kt-adv-heading6_0d3b81-d6 mark.kt-highlight, .wp-block-kadence-advancedheading.kt-adv-heading6_0d3b81-d6[data-kb-block=\"kb-adv-heading6_0d3b81-d6\"] mark.kt-highlight{font-style:normal;color:#f76a0c;-webkit-box-decoration-break:clone;box-decoration-break:clone;padding-top:0px;padding-right:0px;padding-bottom:0px;padding-left:0px;}.wp-block-kadence-advancedheading.kt-adv-heading6_0d3b81-d6 img.kb-inline-image, .wp-block-kadence-advancedheading.kt-adv-heading6_0d3b81-d6[data-kb-block=\"kb-adv-heading6_0d3b81-d6\"] img.kb-inline-image{width:150px;vertical-align:baseline;}<\/style>\n<p class=\"kt-adv-heading6_0d3b81-d6 wp-block-kadence-advancedheading\" data-kb-block=\"kb-adv-heading6_0d3b81-d6\"><strong>Ev\u00e9nements d\u2019entreprise<\/strong><\/p>\n<\/div>\n<\/div>\n<\/div>\n<\/div><\/div>\n\n\n\n<div class=\"wp-block-group alignfull has-base-color has-contrast-background-color has-text-color has-background has-link-color wp-elements-aa359bb51832eb8c3434faa5e82f0455\" style=\"margin-top:0;margin-bottom:0;padding-top:var(--wp--preset--spacing--50);padding-right:var(--wp--preset--spacing--50);padding-bottom:var(--wp--preset--spacing--50);padding-left:var(--wp--preset--spacing--50)\"><div class=\"wp-block-group__inner-container is-layout-constrained wp-container-core-group-is-layout-9cf8f26d wp-block-group-is-layout-constrained\">\n<h4 class=\"wp-block-heading alignwide has-base-color has-text-color has-link-color wp-elements-237b5307761ca2cd5e8b1344c81c95b6\" style=\"font-size:5rem;letter-spacing:-0.02em\">FAQs<\/h4>\n\n\n\n<div class=\"wp-block-group alignwide\"><div class=\"wp-block-group__inner-container is-layout-flow wp-block-group-is-layout-flow\">\n<hr class=\"wp-block-separator has-text-color has-base-color has-alpha-channel-opacity has-base-background-color has-background is-style-wide\"\/>\n\n\n\n<details class=\"wp-block-details is-style-arrow-icon-details has-medium-font-size is-layout-flow wp-block-details-is-layout-flow\" style=\"border-top-style:none;border-top-width:0px;border-right-style:none;border-right-width:0px;border-bottom-color:var(--wp--preset--color--base);border-bottom-style:solid;border-bottom-width:1px;border-left-style:none;border-left-width:0px;margin-top:0\"><summary>Combien de temps<\/summary>\n<p class=\"has-contrast-1-color has-text-color has-link-color wp-elements-c7a6a2949ec955eb29254d2d7fb719b9\">\u00c9tudes offers comprehensive consulting, management, design, and research solutions. Our vision is to be at the forefront of architectural innovation, fostering a global community of architects and enthusiasts united by a passion for creating spaces. Every architectural endeavor is an opportunity to shape the future.<\/p>\n<\/details>\n\n\n\n<details class=\"wp-block-details is-style-arrow-icon-details has-medium-font-size is-layout-flow wp-block-details-is-layout-flow\" style=\"border-top-style:none;border-top-width:0px;border-right-style:none;border-right-width:0px;border-bottom-color:var(--wp--preset--color--base);border-bottom-style:solid;border-bottom-width:1px;border-left-style:none;border-left-width:0px;margin-top:0\"><summary>Who is behind \u00c9tudes?<\/summary>\n<p class=\"has-contrast-1-color has-text-color has-link-color wp-elements-c7a6a2949ec955eb29254d2d7fb719b9\">\u00c9tudes offers comprehensive consulting, management, design, and research solutions. Our vision is to be at the forefront of architectural innovation, fostering a global community of architects and enthusiasts united by a passion for creating spaces. Every architectural endeavor is an opportunity to shape the future.<\/p>\n<\/details>\n\n\n\n<details class=\"wp-block-details is-style-arrow-icon-details has-medium-font-size is-layout-flow wp-block-details-is-layout-flow\" style=\"border-top-style:none;border-top-width:0px;border-right-style:none;border-right-width:0px;border-bottom-color:var(--wp--preset--color--base);border-bottom-style:solid;border-bottom-width:1px;border-left-style:none;border-left-width:0px;margin-top:0\"><summary>I&#8217;d like to get to meet fellow architects, how can I do that?<\/summary>\n<p class=\"has-contrast-1-color has-text-color has-link-color wp-elements-c7a6a2949ec955eb29254d2d7fb719b9\">\u00c9tudes offers comprehensive consulting, management, design, and research solutions. Our vision is to be at the forefront of architectural innovation, fostering a global community of architects and enthusiasts united by a passion for creating spaces. Every architectural endeavor is an opportunity to shape the future.<\/p>\n<\/details>\n\n\n\n<details class=\"wp-block-details is-style-arrow-icon-details has-medium-font-size is-layout-flow wp-block-details-is-layout-flow\" style=\"border-top-style:none;border-top-width:0px;border-right-style:none;border-right-width:0px;border-bottom-color:var(--wp--preset--color--base);border-bottom-style:solid;border-bottom-width:1px;border-left-style:none;border-left-width:0px;margin-top:0\"><summary>Can I apply to be a part of the team or work as a contractor?<\/summary>\n<p class=\"has-contrast-1-color has-text-color has-link-color wp-elements-c7a6a2949ec955eb29254d2d7fb719b9\">\u00c9tudes offers comprehensive consulting, management, design, and research solutions. Our vision is to be at the forefront of architectural innovation, fostering a global community of architects and enthusiasts united by a passion for creating spaces. Every architectural endeavor is an opportunity to shape the future.<\/p>\n<\/details>\n\n\n\n<div style=\"margin-top:var(--wp--preset--spacing--10);margin-bottom:0;height:var(--wp--preset--spacing--10)\" aria-hidden=\"true\" class=\"wp-block-spacer\"><\/div>\n<\/div><\/div>\n<\/div><\/div>\n","protected":false},"excerpt":{"rendered":"<p>REGALIAR\u00e9inventons vos \u00e9v\u00e9nements avec la cuisine v\u00e9g\u00e9tarienne. Jaqueline et Zaid vous propose une cuisine v\u00e9g\u00e9tarienne cr\u00e9ative, gourmande et raffin\u00e9e. Notre cuisine v\u00e9g\u00e9tarienne s\u2019inspire des saveurs du monde.\u00c0 travers diff\u00e9rentes influences culinaires, nous cr\u00e9ons des plats vari\u00e9s et gourmands, m\u00ealant \u00e9pices, textures et traditions venues de nombreux pays pour offrir une exp\u00e9rience riche et originale \u00e0&#8230;<\/p>\n","protected":false},"author":1,"featured_media":0,"parent":0,"menu_order":0,"comment_status":"closed","ping_status":"closed","template":"","meta":{"_kadence_starter_templates_imported_post":false,"_kad_post_transparent":"","_kad_post_title":"hide","_kad_post_layout":"","_kad_post_sidebar_id":"","_kad_post_content_style":"","_kad_post_vertical_padding":"","_kad_post_feature":"","_kad_post_feature_position":"","_kad_post_header":false,"_kad_post_footer":false,"_kad_post_classname":"","footnotes":""},"class_list":["post-6","page","type-page","status-publish","hentry"],"_links":{"self":[{"href":"https:\/\/happycultures.strawberry.temporarywebsiteaddress.com\/index.php?rest_route=\/wp\/v2\/pages\/6","targetHints":{"allow":["GET"]}}],"collection":[{"href":"https:\/\/happycultures.strawberry.temporarywebsiteaddress.com\/index.php?rest_route=\/wp\/v2\/pages"}],"about":[{"href":"https:\/\/happycultures.strawberry.temporarywebsiteaddress.com\/index.php?rest_route=\/wp\/v2\/types\/page"}],"author":[{"embeddable":true,"href":"https:\/\/happycultures.strawberry.temporarywebsiteaddress.com\/index.php?rest_route=\/wp\/v2\/users\/1"}],"replies":[{"embeddable":true,"href":"https:\/\/happycultures.strawberry.temporarywebsiteaddress.com\/index.php?rest_route=%2Fwp%2Fv2%2Fcomments&post=6"}],"version-history":[{"count":6,"href":"https:\/\/happycultures.strawberry.temporarywebsiteaddress.com\/index.php?rest_route=\/wp\/v2\/pages\/6\/revisions"}],"predecessor-version":[{"id":25,"href":"https:\/\/happycultures.strawberry.temporarywebsiteaddress.com\/index.php?rest_route=\/wp\/v2\/pages\/6\/revisions\/25"}],"wp:attachment":[{"href":"https:\/\/happycultures.strawberry.temporarywebsiteaddress.com\/index.php?rest_route=%2Fwp%2Fv2%2Fmedia&parent=6"}],"curies":[{"name":"wp","href":"https:\/\/api.w.org\/{rel}","templated":true}]}}